{"id":102,"date":"2023-07-25T12:22:56","date_gmt":"2023-07-25T12:22:56","guid":{"rendered":"https:\/\/creacionesmetasa.es\/?page_id=102"},"modified":"2023-07-25T13:17:16","modified_gmt":"2023-07-25T13:17:16","slug":"accesibilidad","status":"publish","type":"page","link":"https:\/\/creacionesmeta.es\/index.php\/accesibilidad\/","title":{"rendered":"Accesibilidad"},"content":{"rendered":"<p>[et_pb_section fb_built=\u00bb1&#8243; admin_label=\u00bbFeatures\u00bb _builder_version=\u00bb4.21.0&#8243; _module_preset=\u00bbdefault\u00bb use_background_color_gradient=\u00bbon\u00bb background_color_gradient_stops=\u00bbrgba(255,255,255,0) 0%|rgba(0,0,0,0.8) 100%\u00bb background_color_gradient_overlays_image=\u00bbon\u00bb collapsed=\u00bbon\u00bb global_colors_info=\u00bb{}\u00bb][et_pb_row custom_padding_last_edited=\u00bbon|phone\u00bb _builder_version=\u00bb4.17.4&#8243; _module_preset=\u00bbdefault\u00bb background_color=\u00bb#F3F3F3&#8243; custom_padding=\u00bb60px|60px||60px|false|true\u00bb custom_padding_tablet=\u00bb30px|30px||30px|false|true\u00bb custom_padding_phone=\u00bb20px|20px||20px|false|true\u00bb global_colors_info=\u00bb{}\u00bb][et_pb_column type=\u00bb4_4&#8243; _builder_version=\u00bb4.17.4&#8243; _module_preset=\u00bbdefault\u00bb global_colors_info=\u00bb{}\u00bb][et_pb_text _builder_version=\u00bb4.21.0&#8243; _module_preset=\u00bbb327cbe4-b1d5-4b66-ad37-40c8f2f061ba\u00bb header_2_font=\u00bbInter|700|||||||\u00bb header_2_text_color=\u00bb#000000&#8243; header_2_font_size=\u00bb48px\u00bb header_2_line_height=\u00bb1.2em\u00bb text_orientation=\u00bbcenter\u00bb header_2_font_size_tablet=\u00bb32px\u00bb header_2_font_size_phone=\u00bb20px\u00bb header_2_font_size_last_edited=\u00bbon|desktop\u00bb global_colors_info=\u00bb{}\u00bb]<\/p>\n<h2>Declaraci\u00f3n Accesibilidad<\/h2>\n<p>[\/et_pb_text][\/et_pb_column][\/et_pb_row][et_pb_row custom_padding_last_edited=\u00bbon|phone\u00bb _builder_version=\u00bb4.21.0&#8243; _module_preset=\u00bbdefault\u00bb background_color=\u00bb#F3F3F3&#8243; custom_padding=\u00bb|60px|60px|60px|false|true\u00bb custom_padding_tablet=\u00bb|30px|30px|30px|false|true\u00bb custom_padding_phone=\u00bb|20px|20px|20px|false|true\u00bb global_colors_info=\u00bb{}\u00bb][et_pb_column type=\u00bb4_4&#8243; _builder_version=\u00bb4.17.4&#8243; _module_preset=\u00bbdefault\u00bb global_colors_info=\u00bb{}\u00bb][et_pb_text _builder_version=\u00bb4.21.0&#8243; _module_preset=\u00bb4c43b4b6-66bf-432d-959a-705bda24a650&#8243; text_font=\u00bbOpen Sans||||||||\u00bb text_text_color=\u00bb#666666&#8243; text_line_height=\u00bb1.8em\u00bb text_orientation=\u00bbcenter\u00bb header_font_size_tablet=\u00bb55px\u00bb header_font_size_last_edited=\u00bboff|desktop\u00bb global_colors_info=\u00bb{}\u00bb]<\/p>\n<p>Creaciones Metasa S.L. se ha comprometido a hacer accesible su sitio web de conformidad con el <span>\u00a0<\/span><a href=\"http:\/\/www.boe.es\/diario_boe\/txt.php?id=BOE-A-2018-12699\">Real Decreto 1112\/2018, de 7 de septiembre, sobre accesibilidad de los sitios web y aplicaciones para dispositivos m\u00f3viles del sector p\u00fablico.<\/a><\/p>\n<p>La presente declaraci\u00f3n de accesibilidad se aplica al sitio web https:\/\/creacionesmeta.es\/<\/p>\n<p>Situaci\u00f3n de cumplimiento<\/p>\n<p>Este sitio web es\u00a0<strong>plenamente conforme\u00a0<\/strong>con el RD 1112\/2018<\/p>\n<p>Preparaci\u00f3n de la presente declaraci\u00f3n de accesibilidad<\/p>\n<p>La presente declaraci\u00f3n fue preparada el 19 de enero \u00a0de 2023.<\/p>\n<p>El m\u00e9todo empleado para preparar la declaraci\u00f3n ha sido una autoevaluaci\u00f3n llevada a cabo por el agente digital: Aradat Sistemas.<\/p>\n<p>\u00daltima revisi\u00f3n de la declaraci\u00f3n:\u00a019 de enero \u00a0de 2023.<\/p>\n<p>Observaciones y datos de contacto<\/p>\n<p>Puede realizar\u00a0comunicaciones\u00a0sobre requisitos de accesibilidad (art\u00edculo 10.2.a) del RD 1112\/2018) como, por ejemplo:<\/p>\n<ul>\n<li>informar sobre cualquier posible\u00a0incumplimiento\u00a0por parte de este\u00a0sitio web<\/li>\n<li>transmitir otras\u00a0dificultades de acceso\u00a0al contenido<\/li>\n<li>formular cualquier otra\u00a0consulta o sugerencia de mejora\u00a0relativa a la accesibilidad del sitio web<\/li>\n<\/ul>\n<blockquote>\n<p>A\u00a0trav\u00e9s del siguiente\u00a0<a href=\"https:\/\/creacionesmeta.es\/index.php\/contacto\/\">formulario de contacto<\/a><span>\u00a0<\/span>o llamando al tel\u00e9fono<span>\u00a0<\/span><strong>976 976 976<\/strong>.<\/p>\n<\/blockquote>\n<p>Puede presentar:<\/p>\n<ul>\n<li>una\u00a0Queja\u00a0relativa al cumplimiento de los requisitos del RD 1112\/2018 o<\/li>\n<li>una\u00a0Solicitud de Informaci\u00f3n accesible\u00a0relativa a:<\/li>\n<ul>\n<li>contenidos\u00a0que est\u00e1n\u00a0excluidos\u00a0del\u00a0\u00e1mbito de aplicaci\u00f3n\u00a0del RD 1112\/2018 seg\u00fan lo establecido por el art\u00edculo 3, apartado 4<\/li>\n<li>contenidos\u00a0que est\u00e1n\u00a0exentos\u00a0del\u00a0cumplimiento\u00a0de los requisitos de accesibilidad por imponer una\u00a0carga desproporcionada.<\/li>\n<\/ul>\n<\/ul>\n<p>En la Solicitud de informaci\u00f3n accesible, se debe concretar, con toda claridad, los hechos, razones y petici\u00f3n que permitan constatar que se trata de una solicitud razonable y leg\u00edtima.<\/p>\n<p>Las comunicaciones, quejas y solicitudes de informaci\u00f3n accesible ser\u00e1n recibidas y tratadas por Creaciones Metasa S.L.<\/p>\n<p>Procedimiento de aplicaci\u00f3n<\/p>\n<p>Si una vez realizada una solicitud de informaci\u00f3n accesible o queja, \u00e9sta hubiera sido desestimada, no se estuviera de acuerdo con la decisi\u00f3n adoptada, o la respuesta no cumpliera los requisitos contemplados en el art\u00edculo 12.5, la persona interesada podr\u00e1 iniciar una reclamaci\u00f3n.\u00a0<\/p>\n<p>[\/et_pb_text][\/et_pb_column][\/et_pb_row][\/et_pb_section]<\/p>\n","protected":false},"excerpt":{"rendered":"<p>Declaraci\u00f3n AccesibilidadCreaciones Metasa S.L. se ha comprometido a hacer accesible su sitio web de conformidad con el \u00a0Real Decreto 1112\/2018, de 7 de septiembre, sobre accesibilidad de los sitios web y aplicaciones para dispositivos m\u00f3viles del sector p\u00fablico. La presente declaraci\u00f3n de accesibilidad se aplica al sitio web https:\/\/creacionesmeta.es\/ Situaci\u00f3n de cumplimiento Este sitio web [&hellip;]<\/p>\n","protected":false},"author":1,"featured_media":0,"parent":0,"menu_order":0,"comment_status":"closed","ping_status":"closed","template":"","meta":{"_et_pb_use_builder":"on","_et_pb_old_content":"","_et_gb_content_width":"","footnotes":""},"class_list":["post-102","page","type-page","status-publish","hentry"],"_links":{"self":[{"href":"https:\/\/creacionesmeta.es\/index.php\/wp-json\/wp\/v2\/pages\/102","targetHints":{"allow":["GET"]}}],"collection":[{"href":"https:\/\/creacionesmeta.es\/index.php\/wp-json\/wp\/v2\/pages"}],"about":[{"href":"https:\/\/creacionesmeta.es\/index.php\/wp-json\/wp\/v2\/types\/page"}],"author":[{"embeddable":true,"href":"https:\/\/creacionesmeta.es\/index.php\/wp-json\/wp\/v2\/users\/1"}],"replies":[{"embeddable":true,"href":"https:\/\/creacionesmeta.es\/index.php\/wp-json\/wp\/v2\/comments?post=102"}],"version-history":[{"count":5,"href":"https:\/\/creacionesmeta.es\/index.php\/wp-json\/wp\/v2\/pages\/102\/revisions"}],"predecessor-version":[{"id":120,"href":"https:\/\/creacionesmeta.es\/index.php\/wp-json\/wp\/v2\/pages\/102\/revisions\/120"}],"wp:attachment":[{"href":"https:\/\/creacionesmeta.es\/index.php\/wp-json\/wp\/v2\/media?parent=102"}],"curies":[{"name":"wp","href":"https:\/\/api.w.org\/{rel}","templated":true}]}}