{"id":2,"date":"2023-07-25T08:12:52","date_gmt":"2023-07-25T08:12:52","guid":{"rendered":"https:\/\/creacionesmetasa.es\/?page_id=2"},"modified":"2023-07-31T16:23:03","modified_gmt":"2023-07-31T16:23:03","slug":"politica-de-privacidad","status":"publish","type":"page","link":"https:\/\/creacionesmeta.es\/index.php\/politica-de-privacidad\/","title":{"rendered":"POLITICA DE PRIVACIDAD"},"content":{"rendered":"<p>[et_pb_section fb_built=\u00bb1&#8243; admin_label=\u00bbsection\u00bb _builder_version=\u00bb4.16&#8243; global_colors_info=\u00bb{}\u00bb][et_pb_row admin_label=\u00bbrow\u00bb _builder_version=\u00bb4.16&#8243; background_size=\u00bbinitial\u00bb background_position=\u00bbtop_left\u00bb background_repeat=\u00bbrepeat\u00bb global_colors_info=\u00bb{}\u00bb][et_pb_column type=\u00bb4_4&#8243; _builder_version=\u00bb4.16&#8243; custom_padding=\u00bb|||\u00bb global_colors_info=\u00bb{}\u00bb custom_padding__hover=\u00bb|||\u00bb][et_pb_text admin_label=\u00bbText\u00bb _builder_version=\u00bb4.21.0&#8243; background_size=\u00bbinitial\u00bb background_position=\u00bbtop_left\u00bb background_repeat=\u00bbrepeat\u00bb hover_enabled=\u00bb0&#8243; global_colors_info=\u00bb{}\u00bb sticky_enabled=\u00bb0&#8243;]<\/p>\n<h2 style=\"text-align: center;\">POLITICA DE PRIVACIDAD<\/h2>\n<p style=\"text-align: left;\">Los datos recogidos en nuestra p\u00e1gina web son tratados cumpliendo con las exigencias de la normativa vigente, el Reglamento (UE) 2016\/679 del Parlamento Europeo y del Consejo, de 27 de abril de 2016, relativo a la protecci\u00f3n de datos y a la libre circulaci\u00f3n de estos y la Ley Org\u00e1nica 3\/2018 de 5 de diciembre, de Protecci\u00f3n de Datos Personales y garant\u00eda de los derechos digitales.<\/p>\n<p style=\"text-align: left;\">I.- \u00bfQUI\u00c9N ES EL RESPONSABLE DEL TRATAMIENTO DE DATOS?<\/p>\n<ul style=\"text-align: left;\">\n<li>Responsable: CREACIONES META SA (En delante <span>CREACIONES META SA<\/span>)<\/li>\n<li>Direcci\u00f3n: C\/Kalebarren, 9, Soraluze-placencia de las Armas, 20590 , Gipuzkoa.<\/li>\n<li>NIF: A20304275<\/li>\n<li>Tel\u00e9fono: <span>943744216\u00a0<\/span><\/li>\n<li>Correo electr\u00f3nico: info@creacionesmetasa.es<\/li>\n<\/ul>\n<p style=\"text-align: left;\">II.- \u00bfC\u00d3MO OBTENEMOS LOS DATOS?<\/p>\n<p style=\"text-align: left;\">En CGBABOGADOS obtenemos tus datos, cuando el Usuario nos los facilita directamente a trav\u00e9s de nuestra para p\u00e1gina para alguno de los siguientes servicios que le ofrecemos:<\/p>\n<ul style=\"text-align: left;\">\n<li>Gesti\u00f3n de las citas que realice el usuario a trav\u00e9s de nuestra p\u00e1gina web.<\/li>\n<li>Consultarnos cualquier tipo de duda o sugerencia, a trav\u00e9s del apartado contactos.<\/li>\n<\/ul>\n<p style=\"text-align: left;\">III.- \u00bfCON QU\u00c9 FINALIDAD TRATAMOS LOS DATOS?<\/p>\n<ul style=\"text-align: left;\">\n<li>Desarrollo, cumplimiento y ejecuci\u00f3n de la contrataci\u00f3n de nuestros servicios, se utilizar\u00e1n sus datos para gestionar las citas y ponernos en contacto en los casos necesarios para la correcta tramitaci\u00f3n de la misma.<\/li>\n<\/ul>\n<p style=\"text-align: left;\">\n<ul style=\"text-align: left;\">\n<li>Atenci\u00f3n de las solicitudes del Usuario con nosotros a trav\u00e9s de nuestro formulario de dudas y\/o sugerencias, trataremos sus datos para resolver y facilitar una respuesta.<\/li>\n<\/ul>\n<p style=\"text-align: left;\">Cuando el Usuario contrata nuestros servicios, podemos comunicarnos comercialmente con \u00e9l por medios electr\u00f3nicos para \u00e9l envi\u00f3 de boletines o noticias de su inter\u00e9s, as\u00ed como nuestros servicios y actividades legitimados por la relaci\u00f3n contractual que nos une, siempre que este nos preste su consentimiento.<\/p>\n<p style=\"text-align: left;\">IV, -LEGITIMACI\u00d3N PARA EL TRATAMIENTO<\/p>\n<p style=\"text-align: left;\">La base legal que nos permite tratar sus datos depende de la finalidad para que los tratemos, seg\u00fan lo explicado a continuaci\u00f3n:<\/p>\n<ul style=\"text-align: left;\">\n<li>Desarrollo, cumplimiento y ejecuci\u00f3n de la contrataci\u00f3n de nuestros servicios.<\/li>\n<\/ul>\n<p style=\"text-align: left;\">La base legal para el tratamiento de sus datos es la ejecuci\u00f3n de un contrato, el cual nos vincula con usted. En este sentido deber\u00e1 de facilitarnos sus datos necesarios para su ejecuci\u00f3n. En caso contrario no podr\u00e1 ejecutarse.<\/p>\n<p style=\"text-align: left;\">El tratamiento de sus datos personales nace de una obligaci\u00f3n legal para la emisi\u00f3n y gesti\u00f3n de las facturas y para dar respuestas a tu derecho de desistimiento o posibles reclamaciones.<\/p>\n<ul style=\"text-align: left;\">\n<li>Atenci\u00f3n de las solicitudes del Usuario con nosotros a trav\u00e9s de nuestro formulario de dudas y\/o sugerencias.<\/li>\n<\/ul>\n<p style=\"text-align: left;\">La base legal para el tratamiento de los datos personales es la existencia de un inter\u00e9s leg\u00edtimo para atender las dudas y\/o sugerencias que nos planteas a trav\u00e9s de nuestro formulario. Entendemos que el tratamiento de estos datos resulta beneficioso tambi\u00e9n para usted, y que nos permite tener un trato m\u00e1s personalizado, y resolver sus dudas y\/o sugerencias.<\/p>\n<p style=\"text-align: left;\">Del mismo modo, la base legitima para tratar sus datos personales es el consentimiento que nos prestas, remiti\u00e9ndonos sus datos personales para la gesti\u00f3n de su solicitud.<\/p>\n<p style=\"text-align: left;\">Los datos de car\u00e1cter personal facilitados ser\u00e1n tratados de forma confidencial y se adoptaran las medidas t\u00e9cnicas y organizativas que resultan adecuadas para evitar la alteraci\u00f3n, perdida, y tratamiento o acceso no autorizado a dichos datos.<\/p>\n<p style=\"text-align: left;\">No se enviar\u00e1 ninguna comunicaci\u00f3n promocional, publicitaria o comercial sin el consentimiento de Usuario.<\/p>\n<p style=\"text-align: left;\">V.- \u00bfPOR CU\u00c1NTO TIEMPO CONSERVAMOS TUS DATOS?<\/p>\n<p style=\"text-align: left;\">El plazo de conservaci\u00f3n de sus datos personales depender\u00e1 de las finalidades para las que los tratemos, seg\u00fan lo explicado a continuaci\u00f3n:<\/p>\n<ul style=\"text-align: left;\">\n<li>Desarrollo, cumplimiento y ejecuci\u00f3n de la contrataci\u00f3n de nuestros servicios.<\/li>\n<\/ul>\n<p style=\"text-align: left;\">Trataremos sus datos durante el tiempo necesario para gestionar la cita que usted haya solicitado, incluyendo posibles devoluciones o reclamaciones asociadas al servicio.<\/p>\n<ul style=\"text-align: left;\">\n<li>Atenci\u00f3n de las solicitudes del Usuario con nosotros a trav\u00e9s de nuestro formulario de dudas y\/o sugerencias.<\/li>\n<\/ul>\n<p style=\"text-align: left;\">Trataremos sus datos por el tiempo imprescindible para la resoluci\u00f3n de su duda y\/o sugerencia.<\/p>\n<p style=\"text-align: left;\">Independientemente trataremos tus datos durante el tiempo estrictamente necesario para cumplir con la finalidad correspondiente, los conservaremos posteriormente debidamente guardados y protegidos durante el tiempo en que pudieran surgir responsabilidades derivadas del tratamiento, en cumplimiento con la normativa vigente en cada momento. Una vez prescriban las posibles acciones en cada caso, procederemos a la supresi\u00f3n de los datos personales<\/p>\n<p style=\"text-align: left;\">VI.- \u00bfCU\u00c1LES SON SUS DERECHOS CUANDO NOS FACILITA SUS DATOS?<\/p>\n<p style=\"text-align: left;\">Las personas interesadas tienen derecho a acceder a sus datos personales, as\u00ed como a solicitar la rectificaci\u00f3n de los datos inexactos, en su caso, solicitar su supresi\u00f3n cuando, entre otros motivos, los datos ya no sean necesarios para los fines que fueron recogidos.<\/p>\n<p style=\"text-align: left;\">Adem\u00e1s, tendr\u00e1n derecho a solicitar la limitaci\u00f3n de su tratamiento y a oponerse a este y tambi\u00e9n tendr\u00e1n derecho a la portabilidad de sus datos personales conforme a la normativa establecida en el Reglamento de Protecci\u00f3n de Datos aprobado por la Uni\u00f3n Europea.<\/p>\n<p style=\"text-align: left;\">Para poder ejercer cualquier de los derechos que le otorga la normativa de protecci\u00f3n de datos, usted podr\u00e1 solicitar al responsable un formulario para el ejercicio de estos derechos o descargar cualquier de los formularios propuestos por la Agencia Espa\u00f1ola de Protecci\u00f3n de Datos en su p\u00e1gina web.<\/p>\n<p style=\"text-align: left;\"><span>CREACIONES META SA<\/span> dispone de formularios para el ejercicio de estos derechos que podr\u00e1n ser solicitados al correo electr\u00f3nico info@creacionesmetasa.es<\/p>\n<p style=\"text-align: left;\">Los formularios deber\u00e1n ser presentados presencialmente a <span>CREACIONES META SA<\/span>, o remitidos por correo postal o electr\u00f3nico en las direcciones que aparecer en el apartado \u201cresponsable\u201d.<\/p>\n<p style=\"text-align: left;\">Asimismo, todos aquellos interesados que no hayan obtenido satisfacci\u00f3n en el ejercicio de sus derechos podr\u00e1n presentar una reclamaci\u00f3n antes la Agencia Espa\u00f1ola de Protecci\u00f3n de Datos.<\/p>\n<p style=\"text-align: left;\">VII.- \u00bfSE COMUNICAR\u00c1N SUS DATOS A TERCEROS?<\/p>\n<p style=\"text-align: left;\">Los datos que nos ha facilitado tienen como destinario a <span>CREACIONES META SA<\/span><\/p>\n<p style=\"text-align: left;\">Para cumplir las finalidades detalladas en la presente Pol\u00edtica de Privacidad, es necesario que demos acceso a sus datos personales a nuestros proveedores del servicio de transporte y entrega y las entidades financieras y colaborativas; para que puedan hacerse efectivas sus compraventas<\/p>\n<p style=\"text-align: left;\">Solamente comunicaremos aquellos datos que resulten imprescindibles.<\/p>\n<p style=\"text-align: left;\">No se prev\u00e9 del mismo modo la trasferencia internacional de sus datos personales.<\/p>\n<p style=\"text-align: left;\">VIII.-MENORES<\/p>\n<p style=\"text-align: left;\">Los menores no podr\u00e1n usar los servicios disponibles a trav\u00e9s de la Web sin la previa autorizaci\u00f3n de sus padres, tutores o representantes legales, quienes ser\u00e1n los \u00fanicos responsables de todos los actos realizados a trav\u00e9s de la Web por los menores a su cargo.<\/p>\n<p style=\"text-align: left;\">IX.- CAMBIOS EN LA POL\u00cdTICA DE PRIVACIDAD<\/p>\n<p style=\"text-align: left;\"><span>CREACIONES META SA<\/span> se reserva el derecho a modificar la presente Pol\u00edtica de Privacidad para adaptarla a novedades legislativas o jurisprudenciales.<\/p>\n<p style=\"text-align: left;\">En este caso, nos comprometemos a anunciarla en esta p\u00e1gina con los cambios introducidos con una razonable antelaci\u00f3n a su puesta en pr\u00e1ctica.<\/p>\n<p>[\/et_pb_text][\/et_pb_column][\/et_pb_row][\/et_pb_section]<\/p>\n","protected":false},"excerpt":{"rendered":"<p>POLITICA DE PRIVACIDAD Los datos recogidos en nuestra p\u00e1gina web son tratados cumpliendo con las exigencias de la normativa vigente, el Reglamento (UE) 2016\/679 del Parlamento Europeo y del Consejo, de 27 de abril de 2016, relativo a la protecci\u00f3n de datos y a la libre circulaci\u00f3n de estos y la Ley Org\u00e1nica 3\/2018 de [&hellip;]<\/p>\n","protected":false},"author":1,"featured_media":0,"parent":0,"menu_order":0,"comment_status":"closed","ping_status":"closed","template":"","meta":{"_et_pb_use_builder":"on","_et_pb_old_content":"<!-- wp:paragraph -->\n<p>This is an example page. It's different from a blog post because it will stay in one place and will show up in your site navigation (in most themes). Most people start with an About page that introduces them to potential site visitors. It might say something like this:<\/p>\n<!-- \/wp:paragraph -->\n\n<!-- wp:quote -->\n<blockquote class=\"wp-block-quote\"><p>Hi there! I'm a bike messenger by day, aspiring actor by night, and this is my website. I live in Los Angeles, have a great dog named Jack, and I like pi&#241;a coladas. (And gettin' caught in the rain.)<\/p><\/blockquote>\n<!-- \/wp:quote -->\n\n<!-- wp:paragraph -->\n<p>...or something like this:<\/p>\n<!-- \/wp:paragraph -->\n\n<!-- wp:quote -->\n<blockquote class=\"wp-block-quote\"><p>The XYZ Doohickey Company was founded in 1971, and has been providing quality doohickeys to the public ever since. Located in Gotham City, XYZ employs over 2,000 people and does all kinds of awesome things for the Gotham community.<\/p><\/blockquote>\n<!-- \/wp:quote -->\n\n<!-- wp:paragraph -->\n<p>As a new WordPress user, you should go to <a href=\"https:\/\/creacionesmeta.es\/wp-admin\/\">your dashboard<\/a> to delete this page and create new pages for your content. Have fun!<\/p>\n<!-- \/wp:paragraph -->","_et_gb_content_width":"","footnotes":""},"class_list":["post-2","page","type-page","status-publish","hentry"],"_links":{"self":[{"href":"https:\/\/creacionesmeta.es\/index.php\/wp-json\/wp\/v2\/pages\/2","targetHints":{"allow":["GET"]}}],"collection":[{"href":"https:\/\/creacionesmeta.es\/index.php\/wp-json\/wp\/v2\/pages"}],"about":[{"href":"https:\/\/creacionesmeta.es\/index.php\/wp-json\/wp\/v2\/types\/page"}],"author":[{"embeddable":true,"href":"https:\/\/creacionesmeta.es\/index.php\/wp-json\/wp\/v2\/users\/1"}],"replies":[{"embeddable":true,"href":"https:\/\/creacionesmeta.es\/index.php\/wp-json\/wp\/v2\/comments?post=2"}],"version-history":[{"count":3,"href":"https:\/\/creacionesmeta.es\/index.php\/wp-json\/wp\/v2\/pages\/2\/revisions"}],"predecessor-version":[{"id":143,"href":"https:\/\/creacionesmeta.es\/index.php\/wp-json\/wp\/v2\/pages\/2\/revisions\/143"}],"wp:attachment":[{"href":"https:\/\/creacionesmeta.es\/index.php\/wp-json\/wp\/v2\/media?parent=2"}],"curies":[{"name":"wp","href":"https:\/\/api.w.org\/{rel}","templated":true}]}}