{"id":87,"date":"2023-07-25T12:08:03","date_gmt":"2023-07-25T12:08:03","guid":{"rendered":"https:\/\/creacionesmetasa.es\/?page_id=87"},"modified":"2023-07-25T12:36:11","modified_gmt":"2023-07-25T12:36:11","slug":"sobre-nosotros","status":"publish","type":"page","link":"https:\/\/creacionesmeta.es\/index.php\/sobre-nosotros\/","title":{"rendered":"Sobre Nosotros"},"content":{"rendered":"<p>[et_pb_section fb_built=\u00bb1&#8243; custom_padding_last_edited=\u00bboff|desktop\u00bb admin_label=\u00bbHeader\u00bb _builder_version=\u00bb4.21.0&#8243; _module_preset=\u00bbdefault\u00bb background_color=\u00bb#000000&#8243; background_enable_image=\u00bboff\u00bb custom_padding=\u00bb||2vw||false|false\u00bb custom_padding_tablet=\u00bb||40vw||false|false\u00bb custom_padding_phone=\u00bb||40vw||false|false\u00bb collapsed=\u00bbon\u00bb global_colors_info=\u00bb{}\u00bb][et_pb_row _builder_version=\u00bb4.17.4&#8243; _module_preset=\u00bbdefault\u00bb custom_margin=\u00bb||||false|false\u00bb global_colors_info=\u00bb{}\u00bb][et_pb_column type=\u00bb4_4&#8243; _builder_version=\u00bb4.17.4&#8243; _module_preset=\u00bbdefault\u00bb global_colors_info=\u00bb{}\u00bb][et_pb_text _builder_version=\u00bb4.21.0&#8243; _module_preset=\u00bbc16985e1-e0d6-4022-964d-e2bfc04fa633&#8243; header_font=\u00bbInter|700|||||||\u00bb header_text_color=\u00bb#FFFFFF\u00bb header_font_size=\u00bb75px\u00bb header_line_height=\u00bb1.2em\u00bb text_orientation=\u00bbcenter\u00bb custom_margin=\u00bb||||false|false\u00bb header_font_size_tablet=\u00bb40px\u00bb header_font_size_phone=\u00bb24px\u00bb header_font_size_last_edited=\u00bbon|desktop\u00bb global_colors_info=\u00bb{}\u00bb]<\/p>\n<h1>Sobre Nosotros<\/h1>\n<p>[\/et_pb_text][\/et_pb_column][\/et_pb_row][\/et_pb_section][et_pb_section fb_built=\u00bb1&#8243; admin_label=\u00bbVideo\u00bb _builder_version=\u00bb4.17.4&#8243; _module_preset=\u00bbdefault\u00bb background_color=\u00bbRGBA(255,255,255,0)\u00bb custom_margin=\u00bb||||false|false\u00bb custom_padding=\u00bb||0px||false|false\u00bb global_colors_info=\u00bb{}\u00bb][et_pb_row column_structure=\u00bb1_2,1_2&#8243; _builder_version=\u00bb4.21.0&#8243; _module_preset=\u00bbdefault\u00bb custom_margin=\u00bb||||false|false\u00bb custom_margin_tablet=\u00bb-40vw||||false|false\u00bb custom_margin_phone=\u00bb-40vw||||false|false\u00bb custom_margin_last_edited=\u00bboff|desktop\u00bb custom_padding=\u00bb0px||73px||false|false\u00bb global_colors_info=\u00bb{}\u00bb][et_pb_column type=\u00bb1_2&#8243; _builder_version=\u00bb4.17.4&#8243; _module_preset=\u00bbdefault\u00bb global_colors_info=\u00bb{}\u00bb][et_pb_text _builder_version=\u00bb4.21.0&#8243; _module_preset=\u00bbe6504a1b-67eb-4b3d-b023-bcab277610b6&#8243; header_4_font=\u00bbInter|700||on|||||\u00bb header_4_text_color=\u00bb#F26440&#8243; header_4_font_size=\u00bb14px\u00bb header_4_letter_spacing=\u00bb1px\u00bb header_4_line_height=\u00bb1.4em\u00bb custom_margin=\u00bb||0px||false|false\u00bb hover_enabled=\u00bb0&#8243; global_colors_info=\u00bb{}\u00bb locked=\u00bboff\u00bb sticky_enabled=\u00bb0&#8243; transform_styles_last_edited=\u00bbon|tablet\u00bb transform_scale_last_edited=\u00bbon|phone\u00bb transform_translate_last_edited=\u00bbon|tablet\u00bb transform_rotate_last_edited=\u00bbon|desktop\u00bb transform_skew_last_edited=\u00bbon|desktop\u00bb transform_origin_last_edited=\u00bbon|desktop\u00bb transform_translate_phone=\u00bb-16px|-45px\u00bb transform_translate_tablet=\u00bb-45px|-36px\u00bb]<\/p>\n<h4 style=\"text-align: left;\">\u00a0 \u00a0 Nuestra Historia<\/h4>\n<p>[\/et_pb_text][et_pb_text _builder_version=\u00bb4.21.0&#8243; _module_preset=\u00bb1f09816e-184e-4ce5-a4cf-b39c52c423ca\u00bb text_font=\u00bbOpen Sans||||||||\u00bb text_text_color=\u00bb#666666&#8243; text_font_size=\u00bb16px\u00bb text_line_height=\u00bb1.8em\u00bb link_text_color=\u00bb#F26440&#8243; transform_scale_tablet=\u00bb84%|84%\u00bb transform_scale_phone=\u00bb82%|82%\u00bb transform_scale_last_edited=\u00bbon|phone\u00bb transform_translate_tablet=\u00bb-134px|-65px\u00bb transform_translate_phone=\u00bb-97px|-59px\u00bb transform_translate_last_edited=\u00bbon|tablet\u00bb transform_rotate_tablet=\u00bb\u00bb transform_rotate_phone=\u00bb\u00bb transform_rotate_last_edited=\u00bbon|desktop\u00bb transform_skew_tablet=\u00bb\u00bb transform_skew_phone=\u00bb\u00bb transform_skew_last_edited=\u00bbon|desktop\u00bb transform_origin_tablet=\u00bb\u00bb transform_origin_phone=\u00bb\u00bb transform_origin_last_edited=\u00bbon|desktop\u00bb transform_styles_last_edited=\u00bbon|phone\u00bb text_orientation=\u00bbcenter\u00bb custom_margin=\u00bb|-165px||||\u00bb custom_padding=\u00bb|18px||19px||\u00bb hover_enabled=\u00bb0&#8243; text_font_size_tablet=\u00bb15px\u00bb text_font_size_phone=\u00bb14px\u00bb text_font_size_last_edited=\u00bbon|phone\u00bb header_font_size_tablet=\u00bb55px\u00bb header_font_size_last_edited=\u00bboff|desktop\u00bb transform_styles_tablet=\u00bb\u00bb transform_styles_phone=\u00bb\u00bb locked=\u00bboff\u00bb global_colors_info=\u00bb{}\u00bb sticky_enabled=\u00bb0&#8243;]<\/p>\n<p style=\"text-align: justify;\"><span>Nuestra historia est\u00e1 marcada por la pasi\u00f3n, por la excelencia y el compromiso con la satisfacci\u00f3n del cliente; gracias a esto, nos hemos convertido en una empresa l\u00edder en la fabricaci\u00f3n, comercializaci\u00f3n, distribuci\u00f3n y representaci\u00f3n de recambios, repuestos y accesorios para maquinaria y veh\u00edculos industriales<\/span><\/p>\n<p>[\/et_pb_text][et_pb_text _builder_version=\u00bb4.21.0&#8243; _module_preset=\u00bbe6504a1b-67eb-4b3d-b023-bcab277610b6&#8243; header_4_font=\u00bbInter|700||on|||||\u00bb header_4_text_color=\u00bb#F26440&#8243; header_4_font_size=\u00bb14px\u00bb header_4_letter_spacing=\u00bb1px\u00bb header_4_line_height=\u00bb1.4em\u00bb custom_margin=\u00bb||0px||false|false\u00bb hover_enabled=\u00bb0&#8243; global_colors_info=\u00bb{}\u00bb locked=\u00bboff\u00bb sticky_enabled=\u00bb0&#8243; transform_styles_last_edited=\u00bbon|tablet\u00bb transform_scale_last_edited=\u00bbon|phone\u00bb transform_translate_last_edited=\u00bbon|tablet\u00bb transform_rotate_last_edited=\u00bbon|desktop\u00bb transform_skew_last_edited=\u00bbon|desktop\u00bb transform_origin_last_edited=\u00bbon|desktop\u00bb transform_translate_phone=\u00bb-19px|-40px\u00bb transform_translate_tablet=\u00bb-47px|-27px\u00bb]<\/p>\n<h4 style=\"text-align: left;\">\u00a0 \u00a0 Nuestra Trayectoria<\/h4>\n<p>[\/et_pb_text][et_pb_text _builder_version=\u00bb4.21.0&#8243; _module_preset=\u00bb1f09816e-184e-4ce5-a4cf-b39c52c423ca\u00bb text_font=\u00bbOpen Sans||||||||\u00bb text_text_color=\u00bb#666666&#8243; text_font_size=\u00bb16px\u00bb text_line_height=\u00bb1.8em\u00bb link_text_color=\u00bb#F26440&#8243; transform_scale_tablet=\u00bb84%|84%\u00bb transform_scale_phone=\u00bb82%|82%\u00bb transform_scale_last_edited=\u00bbon|phone\u00bb transform_translate_tablet=\u00bb-134px|-65px\u00bb transform_translate_phone=\u00bb-97px|-86px\u00bb transform_translate_last_edited=\u00bbon|tablet\u00bb transform_rotate_tablet=\u00bb\u00bb transform_rotate_phone=\u00bb\u00bb transform_rotate_last_edited=\u00bbon|desktop\u00bb transform_skew_tablet=\u00bb\u00bb transform_skew_phone=\u00bb\u00bb transform_skew_last_edited=\u00bbon|desktop\u00bb transform_origin_tablet=\u00bb\u00bb transform_origin_phone=\u00bb\u00bb transform_origin_last_edited=\u00bbon|desktop\u00bb transform_styles_last_edited=\u00bbon|tablet\u00bb text_orientation=\u00bbcenter\u00bb custom_margin=\u00bb|-165px||||\u00bb custom_padding=\u00bb|18px||19px||\u00bb hover_enabled=\u00bb0&#8243; text_font_size_tablet=\u00bb15px\u00bb text_font_size_phone=\u00bb14px\u00bb text_font_size_last_edited=\u00bbon|phone\u00bb header_font_size_tablet=\u00bb55px\u00bb header_font_size_last_edited=\u00bboff|desktop\u00bb transform_styles_tablet=\u00bb\u00bb transform_styles_phone=\u00bb\u00bb locked=\u00bboff\u00bb global_colors_info=\u00bb{}\u00bb sticky_enabled=\u00bb0&#8243;]<\/p>\n<p style=\"text-align: center;\">\n<p style=\"text-align: justify;\">Desde nuestros inicios, hemos trabajado incansablemente para establecer una reputaci\u00f3n s\u00f3lida en el mercado. Nuestro enfoque en la calidad, la innovaci\u00f3n y el servicio al cliente nos ha permitido crecer y expandirnos, atendiendo a clientes en diversas industrias en todo el pa\u00eds y m\u00e1s all\u00e1 de nuestras fronteras.<\/p>\n<p style=\"text-align: center;\">\n<p style=\"text-align: center;\">[\/et_pb_text][et_pb_text _builder_version=\u00bb4.21.0&#8243; _module_preset=\u00bbe6504a1b-67eb-4b3d-b023-bcab277610b6&#8243; header_4_font=\u00bbInter|700||on|||||\u00bb header_4_text_color=\u00bb#F26440&#8243; header_4_font_size=\u00bb14px\u00bb header_4_letter_spacing=\u00bb1px\u00bb header_4_line_height=\u00bb1.4em\u00bb custom_margin=\u00bb||0px||false|false\u00bb hover_enabled=\u00bb0&#8243; global_colors_info=\u00bb{}\u00bb locked=\u00bboff\u00bb sticky_enabled=\u00bb0&#8243; transform_styles_last_edited=\u00bbon|phone\u00bb transform_scale_last_edited=\u00bbon|phone\u00bb transform_translate_last_edited=\u00bbon|phone\u00bb transform_rotate_last_edited=\u00bbon|desktop\u00bb transform_skew_last_edited=\u00bbon|desktop\u00bb transform_origin_last_edited=\u00bbon|desktop\u00bb transform_translate_phone=\u00bb-25px|-34px\u00bb transform_translate_tablet=\u00bb-50px|-27px\u00bb]<\/p>\n<h4 style=\"text-align: left;\">\u00a0 \u00a0 Nuestra Visi\u00f3n<\/h4>\n<p>[\/et_pb_text][et_pb_text _builder_version=\u00bb4.21.0&#8243; _module_preset=\u00bb1f09816e-184e-4ce5-a4cf-b39c52c423ca\u00bb text_font=\u00bbOpen Sans||||||||\u00bb text_text_color=\u00bb#666666&#8243; text_font_size=\u00bb16px\u00bb text_line_height=\u00bb1.8em\u00bb link_text_color=\u00bb#F26440&#8243; transform_scale_tablet=\u00bb84%|84%\u00bb transform_scale_phone=\u00bb82%|82%\u00bb transform_scale_last_edited=\u00bbon|phone\u00bb transform_translate_tablet=\u00bb-134px|-65px\u00bb transform_translate_phone=\u00bb-97px|-86px\u00bb transform_translate_last_edited=\u00bbon|tablet\u00bb transform_rotate_tablet=\u00bb\u00bb transform_rotate_phone=\u00bb\u00bb transform_rotate_last_edited=\u00bbon|desktop\u00bb transform_skew_tablet=\u00bb\u00bb transform_skew_phone=\u00bb\u00bb transform_skew_last_edited=\u00bbon|desktop\u00bb transform_origin_tablet=\u00bb\u00bb transform_origin_phone=\u00bb\u00bb transform_origin_last_edited=\u00bbon|desktop\u00bb transform_styles_last_edited=\u00bbon|tablet\u00bb text_orientation=\u00bbcenter\u00bb custom_margin=\u00bb|-165px||||\u00bb custom_padding=\u00bb|18px||19px||\u00bb hover_enabled=\u00bb0&#8243; text_font_size_tablet=\u00bb15px\u00bb text_font_size_phone=\u00bb14px\u00bb text_font_size_last_edited=\u00bbon|phone\u00bb header_font_size_tablet=\u00bb55px\u00bb header_font_size_last_edited=\u00bboff|desktop\u00bb transform_styles_tablet=\u00bb\u00bb transform_styles_phone=\u00bb\u00bb locked=\u00bboff\u00bb global_colors_info=\u00bb{}\u00bb sticky_enabled=\u00bb0&#8243;]<\/p>\n<p style=\"text-align: center;\">\n<p style=\"text-align: left;\">En Creaciones Meta, tenemos una visi\u00f3n clara y ambiciosa para el futuro. Aspiramos a ser reconocidos como el principal referente en el suministro de recambios y repuestos para maquinaria y veh\u00edculos industriales a nivel nacional e internacional. Buscamos constantemente fortalecer nuestra oferta, mejorar nuestros procesos y adoptar las \u00faltimas tecnolog\u00edas para seguir siendo competitivos en un mercado en constante evoluci\u00f3n.<\/p>\n<p style=\"text-align: center;\">[\/et_pb_text][et_pb_image src=\u00bbhttps:\/\/creacionesmeta.es\/wp-content\/uploads\/2023\/07\/pexels-hebert-santos-3757226-1.jpg\u00bb title_text=\u00bbpexels-hebert-santos-3757226&#8243; _builder_version=\u00bb4.21.0&#8243; _module_preset=\u00bbdefault\u00bb transform_scale=\u00bb128%|128%\u00bb transform_scale_tablet=\u00bb128%|128%\u00bb transform_scale_phone=\u00bb104%|104%\u00bb transform_scale_last_edited=\u00bbon|phone\u00bb transform_translate=\u00bb-60px|52px\u00bb transform_translate_tablet=\u00bb-60px|52px\u00bb transform_translate_phone=\u00bb3px|6px\u00bb transform_translate_last_edited=\u00bbon|desktop\u00bb transform_rotate_tablet=\u00bb\u00bb transform_rotate_phone=\u00bb\u00bb transform_rotate_last_edited=\u00bbon|desktop\u00bb transform_skew_tablet=\u00bb\u00bb transform_skew_phone=\u00bb\u00bb transform_skew_last_edited=\u00bbon|desktop\u00bb transform_origin_tablet=\u00bb\u00bb transform_origin_phone=\u00bb\u00bb transform_origin_last_edited=\u00bbon|desktop\u00bb transform_styles_last_edited=\u00bbon|phone\u00bb transform_styles_tablet=\u00bb\u00bb transform_styles_phone=\u00bb\u00bb global_colors_info=\u00bb{}\u00bb][\/et_pb_image][\/et_pb_column][et_pb_column type=\u00bb1_2&#8243; _builder_version=\u00bb4.17.4&#8243; _module_preset=\u00bbdefault\u00bb global_colors_info=\u00bb{}\u00bb][et_pb_image src=\u00bbhttps:\/\/creacionesmeta.es\/wp-content\/uploads\/2023\/07\/ess3.jpg\u00bb title_text=\u00bbess3&#8243; _builder_version=\u00bb4.21.0&#8243; _module_preset=\u00bbdefault\u00bb transform_scale_tablet=\u00bb\u00bb transform_scale_phone=\u00bb\u00bb transform_scale_last_edited=\u00bbon|tablet\u00bb transform_translate=\u00bb118px|0px\u00bb transform_translate_tablet=\u00bb10px|8px\u00bb transform_translate_phone=\u00bb8px|20px\u00bb transform_translate_last_edited=\u00bbon|desktop\u00bb transform_rotate_tablet=\u00bb\u00bb transform_rotate_phone=\u00bb\u00bb transform_rotate_last_edited=\u00bbon|desktop\u00bb transform_skew_tablet=\u00bb\u00bb transform_skew_phone=\u00bb\u00bb transform_skew_last_edited=\u00bbon|desktop\u00bb transform_origin_tablet=\u00bb\u00bb transform_origin_phone=\u00bb\u00bb transform_origin_last_edited=\u00bbon|desktop\u00bb transform_styles_last_edited=\u00bbon|tablet\u00bb transform_styles_tablet=\u00bb\u00bb transform_styles_phone=\u00bb\u00bb global_colors_info=\u00bb{}\u00bb][\/et_pb_image][et_pb_text _builder_version=\u00bb4.21.0&#8243; _module_preset=\u00bbe6504a1b-67eb-4b3d-b023-bcab277610b6&#8243; header_4_font=\u00bbInter|700||on|||||\u00bb header_4_text_color=\u00bb#F26440&#8243; header_4_font_size=\u00bb14px\u00bb header_4_letter_spacing=\u00bb1px\u00bb header_4_line_height=\u00bb1.4em\u00bb custom_margin=\u00bb||0px||false|false\u00bb hover_enabled=\u00bb0&#8243; global_colors_info=\u00bb{}\u00bb locked=\u00bboff\u00bb sticky_enabled=\u00bb0&#8243;]<\/p>\n<h4 style=\"text-align: left;\">\u00a0 \u00a0 Nuestra Filosof\u00eda<\/h4>\n<p>&nbsp;<\/p>\n<p>[\/et_pb_text][et_pb_text _builder_version=\u00bb4.21.0&#8243; _module_preset=\u00bbdefault\u00bb hover_enabled=\u00bb0&#8243; global_colors_info=\u00bb{}\u00bb sticky_enabled=\u00bb0&#8243; locked=\u00bboff\u00bb]<\/p>\n<p style=\"text-align: left;\">Creemos en la importancia de mantener una actitud proactiva y centrada en el cliente en todo lo que hacemos. Nuestra filosof\u00eda empresarial se basa en los siguientes principios fundamentales:<\/p>\n<p style=\"text-align: left;\"><span style=\"color: #000000;\"><strong>Excelencia en el Servicio:<\/strong><\/span> Nuestro equipo est\u00e1 comprometido a brindar un servicio excepcional, escuchando las necesidades de nuestros clientes y ofreciendo soluciones personalizadas y eficientes.<\/p>\n<p style=\"text-align: left;\"><span style=\"color: #000000;\"><strong>Calidad Sin Compromiso:<\/strong><\/span> Nos enorgullecemos de ofrecer productos de la m\u00e1s alta calidad, trabajando con proveedores y fabricantes que comparten nuestro compromiso con la excelencia.<\/p>\n<p style=\"text-align: left;\"><span style=\"color: #000000;\"><strong>Innovaci\u00f3n y Adaptaci\u00f3n:<\/strong><\/span> Estamos constantemente buscando nuevas oportunidades y soluciones innovadoras para estar a la vanguardia de la industria y satisfacer las demandas cambiantes de nuestros clientes.<\/p>\n<p style=\"text-align: left;\"><span style=\"color: #000000;\"><strong>\u00c9tica y Responsabilidad:<\/strong><\/span> Nos guiamos por los m\u00e1s altos est\u00e1ndares \u00e9ticos en todas nuestras operaciones, y nos esforzamos por ser un agente positivo en la comunidad y el medio ambiente.<\/p>\n<p>[\/et_pb_text][et_pb_text _builder_version=\u00bb4.21.0&#8243; _module_preset=\u00bbe6504a1b-67eb-4b3d-b023-bcab277610b6&#8243; header_4_font=\u00bbInter|700||on|||||\u00bb header_4_text_color=\u00bb#F26440&#8243; header_4_font_size=\u00bb14px\u00bb header_4_letter_spacing=\u00bb1px\u00bb header_4_line_height=\u00bb1.4em\u00bb custom_margin=\u00bb||0px||false|false\u00bb hover_enabled=\u00bb0&#8243; global_colors_info=\u00bb{}\u00bb locked=\u00bboff\u00bb sticky_enabled=\u00bb0&#8243; transform_translate=\u00bb-337px|29px\u00bb transform_styles_last_edited=\u00bbon|tablet\u00bb transform_scale_last_edited=\u00bbon|tablet\u00bb transform_translate_last_edited=\u00bbon|desktop\u00bb transform_rotate_last_edited=\u00bbon|desktop\u00bb transform_skew_last_edited=\u00bbon|desktop\u00bb transform_origin_last_edited=\u00bbon|desktop\u00bb transform_translate_phone=\u00bb-44px|27px\u00bb transform_translate_tablet=\u00bb-74px|22px\u00bb]<\/p>\n<h4 style=\"text-align: left;\">\u00a0 \u00a0 Nuestro Equipo<\/h4>\n<p>&nbsp;<\/p>\n<p>[\/et_pb_text][et_pb_text _builder_version=\u00bb4.21.0&#8243; _module_preset=\u00bbdefault\u00bb transform_scale_tablet=\u00bb\u00bb transform_scale_phone=\u00bb84%|84%\u00bb transform_scale_last_edited=\u00bbon|phone\u00bb transform_translate=\u00bb-320px|19px\u00bb transform_translate_tablet=\u00bb-65px|26px\u00bb transform_translate_phone=\u00bb-75px|28px\u00bb transform_translate_last_edited=\u00bbon|tablet\u00bb transform_rotate_tablet=\u00bb\u00bb transform_rotate_phone=\u00bb\u00bb transform_rotate_last_edited=\u00bbon|desktop\u00bb transform_skew_tablet=\u00bb\u00bb transform_skew_phone=\u00bb\u00bb transform_skew_last_edited=\u00bbon|desktop\u00bb transform_origin_tablet=\u00bb\u00bb transform_origin_phone=\u00bb\u00bb transform_origin_last_edited=\u00bbon|desktop\u00bb transform_styles_last_edited=\u00bbon|phone\u00bb custom_margin=\u00bb|-136px||||\u00bb hover_enabled=\u00bb0&#8243; transform_styles_tablet=\u00bb\u00bb transform_styles_phone=\u00bb\u00bb global_colors_info=\u00bb{}\u00bb sticky_enabled=\u00bb0&#8243;]<\/p>\n<p style=\"text-align: left;\">Detr\u00e1s de Creaciones Meta hay un equipo de profesionales apasionados y comprometidos que forman la columna vertebral de nuestro \u00e9xito. Nuestros expertos t\u00e9cnicos, representantes de ventas y personal de atenci\u00f3n al cliente trabajan en conjunto para garantizar que cada cliente reciba un trato personalizado y una experiencia satisfactoria.<\/p>\n<p>[\/et_pb_text][\/et_pb_column][\/et_pb_row][\/et_pb_section]<\/p>\n","protected":false},"excerpt":{"rendered":"<p>Sobre Nosotros\u00a0 \u00a0 Nuestra HistoriaNuestra historia est\u00e1 marcada por la pasi\u00f3n, por la excelencia y el compromiso con la satisfacci\u00f3n del cliente; gracias a esto, nos hemos convertido en una empresa l\u00edder en la fabricaci\u00f3n, comercializaci\u00f3n, distribuci\u00f3n y representaci\u00f3n de recambios, repuestos y accesorios para maquinaria y veh\u00edculos industriales\u00a0 \u00a0 Nuestra Trayectoria Desde nuestros inicios, [&hellip;]<\/p>\n","protected":false},"author":1,"featured_media":0,"parent":0,"menu_order":0,"comment_status":"closed","ping_status":"closed","template":"","meta":{"_et_pb_use_builder":"on","_et_pb_old_content":"","_et_gb_content_width":"","footnotes":""},"class_list":["post-87","page","type-page","status-publish","hentry"],"_links":{"self":[{"href":"https:\/\/creacionesmeta.es\/index.php\/wp-json\/wp\/v2\/pages\/87","targetHints":{"allow":["GET"]}}],"collection":[{"href":"https:\/\/creacionesmeta.es\/index.php\/wp-json\/wp\/v2\/pages"}],"about":[{"href":"https:\/\/creacionesmeta.es\/index.php\/wp-json\/wp\/v2\/types\/page"}],"author":[{"embeddable":true,"href":"https:\/\/creacionesmeta.es\/index.php\/wp-json\/wp\/v2\/users\/1"}],"replies":[{"embeddable":true,"href":"https:\/\/creacionesmeta.es\/index.php\/wp-json\/wp\/v2\/comments?post=87"}],"version-history":[{"count":4,"href":"https:\/\/creacionesmeta.es\/index.php\/wp-json\/wp\/v2\/pages\/87\/revisions"}],"predecessor-version":[{"id":108,"href":"https:\/\/creacionesmeta.es\/index.php\/wp-json\/wp\/v2\/pages\/87\/revisions\/108"}],"wp:attachment":[{"href":"https:\/\/creacionesmeta.es\/index.php\/wp-json\/wp\/v2\/media?parent=87"}],"curies":[{"name":"wp","href":"https:\/\/api.w.org\/{rel}","templated":true}]}}